{"id":430,"date":"2017-01-12T18:02:03","date_gmt":"2017-01-12T22:02:03","guid":{"rendered":"http:\/\/angamarca.gob.ec\/cotopaxi\/?page_id=430"},"modified":"2018-04-27T16:02:08","modified_gmt":"2018-04-27T20:02:08","slug":"rendicion-de-cuentas-2017","status":"publish","type":"page","link":"https:\/\/angamarca.gob.ec\/cotopaxi\/rendicion-de-cuentas-2017\/","title":{"rendered":"Rendici\u00f3n de Cuentas 2017"},"content":{"rendered":"<p>&nbsp;<\/p>\n<p><a href=\"https:\/\/angamarca.gob.ec\/cotopaxi\/wp-content\/uploads\/2017\/01\/ASISTENCIA-DE-EVALUACION-053.pdf\">ASISTENCIA DE EVALUACION\u00a0 DE RENDICON DE CUENTAS 2017<\/a><\/p>\n<p><a href=\"https:\/\/angamarca.gob.ec\/cotopaxi\/wp-content\/uploads\/2016\/02\/PDOT-Angamarca-20-04-2016.pdf\">PDOT Angamarca 2017<\/a><\/p>\n<p><a href=\"https:\/\/angamarca.gob.ec\/cotopaxi\/wp-content\/uploads\/2017\/01\/ACTA-DE-RENDICI\u00d3N-DE-CUENTAS-DE-LAS-GESTIONES-DEL-A\u00d1O-2017-2.pdf\">ACTA DE RENDICI\u00d3N DE CUENTAS DE LAS GESTIONES DEL A\u00d1O 2017<\/a><\/p>\n<p><a href=\"https:\/\/angamarca.gob.ec\/cotopaxi\/wp-content\/uploads\/2017\/01\/FOTOS-DE-RENDICION-DE-CUENTAS-DEL-A\u00d1O-FISCAL-2017.docx\">FOTOS DE RENDICION DE CUENTAS DEL A\u00d1O FISCAL 2017<\/a><\/p>\n<p><a href=\"https:\/\/angamarca.gob.ec\/cotopaxi\/wp-content\/uploads\/2017\/01\/1-ASISTENCIA-A-DELIBERACION-PUBLICA-22-03-2018.pdf\">1 ASISTENCIA A DELIBERACION PUBLICA 22 03 2018<\/a><\/p>\n<p><a href=\"https:\/\/angamarca.gob.ec\/cotopaxi\/wp-content\/uploads\/2017\/01\/1-ASISTENCIA-REVISION-DE-INFORME.pdf\">1 ASISTENCIA REVISION DE INFORME<\/a><\/p>\n<p><a href=\"https:\/\/angamarca.gob.ec\/cotopaxi\/wp-content\/uploads\/2017\/01\/1-HOJA-DE-RUTA.pdf\">1 HOJA DE RUTA<\/a><\/p>\n<p><a href=\"https:\/\/angamarca.gob.ec\/cotopaxi\/wp-content\/uploads\/2017\/01\/1-INVITACION-ACTORES-DELIBERACION-PUBLICA.pdf\">1 INVITACION ACTORES DELIBERACION PUBLICA<\/a><\/p>\n<p><a href=\"https:\/\/angamarca.gob.ec\/cotopaxi\/wp-content\/uploads\/2017\/01\/1-INVITACION-EQUIPO-EXT-A-DELIBERACION-PUBLICA.pdf\">1 INVITACION EQUIPO EXT A DELIBERACION PUBLICA<\/a><\/p>\n<p><a href=\"https:\/\/angamarca.gob.ec\/cotopaxi\/wp-content\/uploads\/2017\/01\/1-INVITACION-REVISION-DE-INFORME.pdf\">1 INVITACION REVISION DE INFORME\u00a0<\/a><\/p>\n<p><a href=\"https:\/\/angamarca.gob.ec\/cotopaxi\/wp-content\/uploads\/2017\/01\/1-PREGUNTAS-DE-CONSULTA-CIUDADANA.pdf\">PREGUNTAS DE CONSULTA CIUDADANIA<\/a><\/p>\n<p><a href=\"https:\/\/angamarca.gob.ec\/cotopaxi\/wp-content\/uploads\/2017\/01\/1-MAPEO-DE-ACTORES.pdf\">1 MAPEO DE ACTORES<\/a><\/p>\n<p><a href=\"https:\/\/angamarca.gob.ec\/cotopaxi\/wp-content\/uploads\/2017\/01\/1-OPINION-CIUDADANA-AGRADECEMIENTO.pdf\">1 OPINION CIUDADANA AGRADECEMIENTO<\/a><\/p>\n<p><a href=\"https:\/\/angamarca.gob.ec\/cotopaxi\/wp-content\/uploads\/2017\/01\/1-PREGUNTAS-DE-CONSULTA-CIUDADANA.pdf\">1 PREGUNTAS DE CONSULTA CIUDADANA<\/a><\/p>\n<p><a href=\"https:\/\/angamarca.gob.ec\/cotopaxi\/wp-content\/uploads\/2017\/01\/APROBACION-DE-RENDICION-DE-CUENTAS-063.pdf\">RESULUCION ADMINISTRATIVA DE APROBACION DE INFORME\u00a0<\/a><\/p>\n<p><a href=\"https:\/\/angamarca.gob.ec\/cotopaxi\/wp-content\/uploads\/2017\/01\/APROBACION-DE-FURMULARIO-064.pdf\">RESOLUCION ADMINISTRATIVA DE APROBACION DE FURMULARIO\u00a0<\/a><\/p>\n<p><a href=\"https:\/\/angamarca.gob.ec\/cotopaxi\/wp-content\/uploads\/2017\/01\/COMPRAS-CATALOGO-ELECTRONICO-2017.pdf\">COMPRAS CATALOGO ELECTRONICO 2017<\/a><\/p>\n<p><a href=\"https:\/\/angamarca.gob.ec\/cotopaxi\/wp-content\/uploads\/2017\/01\/CONTRATO-DE-MENOR-CUATIA.pdf\">CONTRATO DE MENOR CUATIA<\/a><\/p>\n<p><a href=\"https:\/\/angamarca.gob.ec\/cotopaxi\/wp-content\/uploads\/2017\/01\/CONTRATOS-CONSULTORIAS-2017.zip\">CONTRATOS CONSULTORIAS 2017<\/a><\/p>\n<p><a href=\"https:\/\/angamarca.gob.ec\/cotopaxi\/wp-content\/uploads\/2017\/01\/CONTRATOS-SIE-2017.pdf\">CONTRATOS SIE 2017<\/a><\/p>\n<p><a href=\"https:\/\/angamarca.gob.ec\/cotopaxi\/wp-content\/uploads\/2017\/01\/CUMPLEMIENTOS-DE-METAS-2017-FINAL.pdf\">CUMPLEMIENTOS DE METAS 2017<\/a><\/p>\n<p><a href=\"https:\/\/angamarca.gob.ec\/cotopaxi\/wp-content\/uploads\/2017\/01\/CUMPLEMIENTOS-DE-METAS-2017-FINAL.pdf\"> FINAL<\/a> <a href=\"https:\/\/angamarca.gob.ec\/cotopaxi\/wp-content\/uploads\/2017\/01\/GACETA-OFICIAL-2016.pdf\">GACETA OFICIAL 2016<\/a><\/p>\n<p><a href=\"https:\/\/angamarca.gob.ec\/cotopaxi\/wp-content\/uploads\/2017\/01\/PRESUPUESTO-APROBADO-2017.pdf\">PRESUPUESTO APROBADO-2017<\/a><\/p>\n<p><a href=\"https:\/\/angamarca.gob.ec\/cotopaxi\/wp-content\/uploads\/2017\/01\/CUMPLEMIENTOS-DE-METAS-2017-FINAL.pdf\">CUMPLIMIENTOS DE METAS 2017 <\/a><\/p>\n<p><a href=\"https:\/\/angamarca.gob.ec\/cotopaxi\/wp-content\/uploads\/2017\/01\/COMPRAS-INFIMA-CUANTIA-2017-5.pdf\">COMPRAS INFIMA CUANTIA 2017<\/a><\/p>\n<p><a href=\"https:\/\/angamarca.gob.ec\/cotopaxi\/wp-content\/uploads\/2017\/01\/ACTO-DE-RENDICION-DE-CUENTAS-.pdf\">ACTO DE RENDICION DE CUENTAS 2017<\/a><\/p>\n<p><a href=\"https:\/\/angamarca.gob.ec\/cotopaxi\/wp-content\/uploads\/2017\/01\/INFORME-DE-RENDICION-DE-CUENTAS1-2017.pdf\">INFORME DE RENDICION DE CUENTAS1 2017<\/a><\/p>\n<p><a href=\"https:\/\/angamarca.gob.ec\/cotopaxi\/wp-content\/uploads\/2017\/01\/INFORME-DE-RENDICION-DE-CUENTAS2-2017.pdf\">INFORME DE RENDICION DE CUENTAS2 2017<\/a><\/p>\n<p><a href=\"https:\/\/angamarca.gob.ec\/cotopaxi\/wp-content\/uploads\/2017\/01\/ACTA360.pdf\">ACTA DE ELECCION DE CONSEJO DE PLANIFICACION\u00a0<\/a><\/p>\n<p><a href=\"https:\/\/angamarca.gob.ec\/cotopaxi\/wp-content\/uploads\/2017\/01\/ACTA-361.pdf\">ACTA DE ASAMBLEA PARROQUIAL DE GADP ANGAMRCA\u00a0<\/a><\/p>\n<p><a href=\"https:\/\/angamarca.gob.ec\/cotopaxi\/wp-content\/uploads\/2017\/01\/1-ESTADO-DE-SITUACION-FINANCIERA.pdf\">\u00a0ESTADO\u00a0 FINANCIERA 2017\u00a0<\/a><\/p>\n<p><a href=\"https:\/\/angamarca.gob.ec\/cotopaxi\/wp-content\/uploads\/2017\/01\/ducumentos-que-demuestra-terminacion-de-la-via-guambeine.pdf\">DUCUMENTOS QUE DEMUESTRA TERMINACION DE LA VIA GUAMBAEINE\u00a0<\/a><\/p>\n<p><a href=\"https:\/\/angamarca.gob.ec\/cotopaxi\/wp-content\/uploads\/2017\/01\/INFORME-ADOQUINADO-DE-CALLE-TEODORO-CORONEL.pdf\">INFORME ADOQUINADO DE CALLE TEODORO CORONEL<\/a><\/p>\n<p>&nbsp;<\/p>\n<p>&nbsp;<\/p>\n","protected":false},"excerpt":{"rendered":"<p>&nbsp; ASISTENCIA DE EVALUACION\u00a0 DE RENDICON DE CUENTAS 2017 PDOT Angamarca 2017 ACTA DE RENDICI\u00d3N DE CUENTAS DE LAS GESTIONES DEL A\u00d1O 2017 FOTOS DE RENDICION DE CUENTAS DEL A\u00d1O FISCAL 2017 1 ASISTENCIA A DELIBERACION PUBLICA 22 03 2018 1 ASISTENCIA REVISION DE INFORME 1 HOJA DE RUTA 1 INVITACION ACTORES DELIBERACION PUBLICA 1 [&hellip;]<\/p>\n","protected":false},"author":2,"featured_media":0,"parent":0,"menu_order":0,"comment_status":"closed","ping_status":"closed","template":"","meta":{"footnotes":""},"class_list":["post-430","page","type-page","status-publish","hentry"],"yoast_head":"<!-- This site is optimized with the Yoast SEO plugin v25.6 - https:\/\/yoast.com\/wordpress\/plugins\/seo\/ -->\n<title>Rendici\u00f3n de Cuentas 2017 - P\u00e1gina Oficial del GAD Angamarca<\/title>\n<meta name=\"robots\" content=\"index, follow, max-snippet:-1, max-image-preview:large, max-video-preview:-1\" \/>\n<link rel=\"canonical\" href=\"https:\/\/angamarca.gob.ec\/cotopaxi\/rendicion-de-cuentas-2017\/\" \/>\n<meta property=\"og:locale\" content=\"es_ES\" \/>\n<meta property=\"og:type\" content=\"article\" \/>\n<meta property=\"og:title\" content=\"Rendici\u00f3n de Cuentas 2017 - P\u00e1gina Oficial del GAD Angamarca\" \/>\n<meta property=\"og:description\" content=\"&nbsp; ASISTENCIA DE EVALUACION\u00a0 DE RENDICON DE CUENTAS 2017 PDOT Angamarca 2017 ACTA DE RENDICI\u00d3N DE CUENTAS DE LAS GESTIONES DEL A\u00d1O 2017 FOTOS DE RENDICION DE CUENTAS DEL A\u00d1O FISCAL 2017 1 ASISTENCIA A DELIBERACION PUBLICA 22 03 2018 1 ASISTENCIA REVISION DE INFORME 1 HOJA DE RUTA 1 INVITACION ACTORES DELIBERACION PUBLICA 1 [&hellip;]\" \/>\n<meta property=\"og:url\" content=\"https:\/\/angamarca.gob.ec\/cotopaxi\/rendicion-de-cuentas-2017\/\" \/>\n<meta property=\"og:site_name\" content=\"P\u00e1gina Oficial del GAD Angamarca\" \/>\n<meta property=\"article:modified_time\" content=\"2018-04-27T20:02:08+00:00\" \/>\n<meta name=\"twitter:card\" content=\"summary_large_image\" \/>\n<meta name=\"twitter:label1\" content=\"Tiempo de lectura\" \/>\n\t<meta name=\"twitter:data1\" content=\"1 minuto\" \/>\n<script type=\"application\/ld+json\" class=\"yoast-schema-graph\">{\"@context\":\"https:\/\/schema.org\",\"@graph\":[{\"@type\":\"WebPage\",\"@id\":\"https:\/\/angamarca.gob.ec\/cotopaxi\/rendicion-de-cuentas-2017\/\",\"url\":\"https:\/\/angamarca.gob.ec\/cotopaxi\/rendicion-de-cuentas-2017\/\",\"name\":\"Rendici\u00f3n de Cuentas 2017 - P\u00e1gina Oficial del GAD Angamarca\",\"isPartOf\":{\"@id\":\"https:\/\/angamarca.gob.ec\/cotopaxi\/#website\"},\"datePublished\":\"2017-01-12T22:02:03+00:00\",\"dateModified\":\"2018-04-27T20:02:08+00:00\",\"breadcrumb\":{\"@id\":\"https:\/\/angamarca.gob.ec\/cotopaxi\/rendicion-de-cuentas-2017\/#breadcrumb\"},\"inLanguage\":\"es\",\"potentialAction\":[{\"@type\":\"ReadAction\",\"target\":[\"https:\/\/angamarca.gob.ec\/cotopaxi\/rendicion-de-cuentas-2017\/\"]}]},{\"@type\":\"BreadcrumbList\",\"@id\":\"https:\/\/angamarca.gob.ec\/cotopaxi\/rendicion-de-cuentas-2017\/#breadcrumb\",\"itemListElement\":[{\"@type\":\"ListItem\",\"position\":1,\"name\":\"Home\",\"item\":\"https:\/\/angamarca.gob.ec\/cotopaxi\/\"},{\"@type\":\"ListItem\",\"position\":2,\"name\":\"Rendici\u00f3n de Cuentas 2017\"}]},{\"@type\":\"WebSite\",\"@id\":\"https:\/\/angamarca.gob.ec\/cotopaxi\/#website\",\"url\":\"https:\/\/angamarca.gob.ec\/cotopaxi\/\",\"name\":\"GAD Parroquial de Angamarca Cotopaxi\",\"description\":\"Sitio Oficial del GAD Parroquial de Angamarca Cotopaxi\",\"publisher\":{\"@id\":\"https:\/\/angamarca.gob.ec\/cotopaxi\/#organization\"},\"potentialAction\":[{\"@type\":\"SearchAction\",\"target\":{\"@type\":\"EntryPoint\",\"urlTemplate\":\"https:\/\/angamarca.gob.ec\/cotopaxi\/?s={search_term_string}\"},\"query-input\":{\"@type\":\"PropertyValueSpecification\",\"valueRequired\":true,\"valueName\":\"search_term_string\"}}],\"inLanguage\":\"es\"},{\"@type\":\"Organization\",\"@id\":\"https:\/\/angamarca.gob.ec\/cotopaxi\/#organization\",\"name\":\"GAD Parroquial de Angamarca\",\"url\":\"https:\/\/angamarca.gob.ec\/cotopaxi\/\",\"logo\":{\"@type\":\"ImageObject\",\"inLanguage\":\"es\",\"@id\":\"https:\/\/angamarca.gob.ec\/cotopaxi\/#\/schema\/logo\/image\/\",\"url\":\"https:\/\/angamarca.gob.ec\/cotopaxi\/wp-content\/uploads\/2020\/06\/logoFooter.png\",\"contentUrl\":\"https:\/\/angamarca.gob.ec\/cotopaxi\/wp-content\/uploads\/2020\/06\/logoFooter.png\",\"width\":160,\"height\":156,\"caption\":\"GAD Parroquial de Angamarca\"},\"image\":{\"@id\":\"https:\/\/angamarca.gob.ec\/cotopaxi\/#\/schema\/logo\/image\/\"}}]}<\/script>\n<!-- \/ Yoast SEO plugin. -->","yoast_head_json":{"title":"Rendici\u00f3n de Cuentas 2017 - P\u00e1gina Oficial del GAD Angamarca","robots":{"index":"index","follow":"follow","max-snippet":"max-snippet:-1","max-image-preview":"max-image-preview:large","max-video-preview":"max-video-preview:-1"},"canonical":"https:\/\/angamarca.gob.ec\/cotopaxi\/rendicion-de-cuentas-2017\/","og_locale":"es_ES","og_type":"article","og_title":"Rendici\u00f3n de Cuentas 2017 - P\u00e1gina Oficial del GAD Angamarca","og_description":"&nbsp; ASISTENCIA DE EVALUACION\u00a0 DE RENDICON DE CUENTAS 2017 PDOT Angamarca 2017 ACTA DE RENDICI\u00d3N DE CUENTAS DE LAS GESTIONES DEL A\u00d1O 2017 FOTOS DE RENDICION DE CUENTAS DEL A\u00d1O FISCAL 2017 1 ASISTENCIA A DELIBERACION PUBLICA 22 03 2018 1 ASISTENCIA REVISION DE INFORME 1 HOJA DE RUTA 1 INVITACION ACTORES DELIBERACION PUBLICA 1 [&hellip;]","og_url":"https:\/\/angamarca.gob.ec\/cotopaxi\/rendicion-de-cuentas-2017\/","og_site_name":"P\u00e1gina Oficial del GAD Angamarca","article_modified_time":"2018-04-27T20:02:08+00:00","twitter_card":"summary_large_image","twitter_misc":{"Tiempo de lectura":"1 minuto"},"schema":{"@context":"https:\/\/schema.org","@graph":[{"@type":"WebPage","@id":"https:\/\/angamarca.gob.ec\/cotopaxi\/rendicion-de-cuentas-2017\/","url":"https:\/\/angamarca.gob.ec\/cotopaxi\/rendicion-de-cuentas-2017\/","name":"Rendici\u00f3n de Cuentas 2017 - P\u00e1gina Oficial del GAD Angamarca","isPartOf":{"@id":"https:\/\/angamarca.gob.ec\/cotopaxi\/#website"},"datePublished":"2017-01-12T22:02:03+00:00","dateModified":"2018-04-27T20:02:08+00:00","breadcrumb":{"@id":"https:\/\/angamarca.gob.ec\/cotopaxi\/rendicion-de-cuentas-2017\/#breadcrumb"},"inLanguage":"es","potentialAction":[{"@type":"ReadAction","target":["https:\/\/angamarca.gob.ec\/cotopaxi\/rendicion-de-cuentas-2017\/"]}]},{"@type":"BreadcrumbList","@id":"https:\/\/angamarca.gob.ec\/cotopaxi\/rendicion-de-cuentas-2017\/#breadcrumb","itemListElement":[{"@type":"ListItem","position":1,"name":"Home","item":"https:\/\/angamarca.gob.ec\/cotopaxi\/"},{"@type":"ListItem","position":2,"name":"Rendici\u00f3n de Cuentas 2017"}]},{"@type":"WebSite","@id":"https:\/\/angamarca.gob.ec\/cotopaxi\/#website","url":"https:\/\/angamarca.gob.ec\/cotopaxi\/","name":"GAD Parroquial de Angamarca Cotopaxi","description":"Sitio Oficial del GAD Parroquial de Angamarca Cotopaxi","publisher":{"@id":"https:\/\/angamarca.gob.ec\/cotopaxi\/#organization"},"potentialAction":[{"@type":"SearchAction","target":{"@type":"EntryPoint","urlTemplate":"https:\/\/angamarca.gob.ec\/cotopaxi\/?s={search_term_string}"},"query-input":{"@type":"PropertyValueSpecification","valueRequired":true,"valueName":"search_term_string"}}],"inLanguage":"es"},{"@type":"Organization","@id":"https:\/\/angamarca.gob.ec\/cotopaxi\/#organization","name":"GAD Parroquial de Angamarca","url":"https:\/\/angamarca.gob.ec\/cotopaxi\/","logo":{"@type":"ImageObject","inLanguage":"es","@id":"https:\/\/angamarca.gob.ec\/cotopaxi\/#\/schema\/logo\/image\/","url":"https:\/\/angamarca.gob.ec\/cotopaxi\/wp-content\/uploads\/2020\/06\/logoFooter.png","contentUrl":"https:\/\/angamarca.gob.ec\/cotopaxi\/wp-content\/uploads\/2020\/06\/logoFooter.png","width":160,"height":156,"caption":"GAD Parroquial de Angamarca"},"image":{"@id":"https:\/\/angamarca.gob.ec\/cotopaxi\/#\/schema\/logo\/image\/"}}]}},"_links":{"self":[{"href":"https:\/\/angamarca.gob.ec\/cotopaxi\/wp-json\/wp\/v2\/pages\/430","targetHints":{"allow":["GET"]}}],"collection":[{"href":"https:\/\/angamarca.gob.ec\/cotopaxi\/wp-json\/wp\/v2\/pages"}],"about":[{"href":"https:\/\/angamarca.gob.ec\/cotopaxi\/wp-json\/wp\/v2\/types\/page"}],"author":[{"embeddable":true,"href":"https:\/\/angamarca.gob.ec\/cotopaxi\/wp-json\/wp\/v2\/users\/2"}],"replies":[{"embeddable":true,"href":"https:\/\/angamarca.gob.ec\/cotopaxi\/wp-json\/wp\/v2\/comments?post=430"}],"version-history":[{"count":32,"href":"https:\/\/angamarca.gob.ec\/cotopaxi\/wp-json\/wp\/v2\/pages\/430\/revisions"}],"predecessor-version":[{"id":860,"href":"https:\/\/angamarca.gob.ec\/cotopaxi\/wp-json\/wp\/v2\/pages\/430\/revisions\/860"}],"wp:attachment":[{"href":"https:\/\/angamarca.gob.ec\/cotopaxi\/wp-json\/wp\/v2\/media?parent=430"}],"curies":[{"name":"wp","href":"https:\/\/api.w.org\/{rel}","templated":true}]}}