{"id":321,"date":"2016-02-17T13:16:42","date_gmt":"2016-02-17T17:16:42","guid":{"rendered":"http:\/\/angamarca.gob.ec\/cotopaxi\/?page_id=321"},"modified":"2017-06-26T16:32:15","modified_gmt":"2017-06-26T20:32:15","slug":"rendicion-de-cuentas-2016","status":"publish","type":"page","link":"https:\/\/angamarca.gob.ec\/cotopaxi\/rendicion-de-cuentas-2016\/","title":{"rendered":"Rendici\u00f3n de Cuentas 2016"},"content":{"rendered":"<p><a href=\"https:\/\/angamarca.gob.ec\/cotopaxi\/wp-content\/uploads\/2016\/02\/BALANCE-DE-COMPROBACION.pdf\">BALANCE DE COMPROBACION<\/a><\/p>\n<p><a href=\"https:\/\/angamarca.gob.ec\/cotopaxi\/wp-content\/uploads\/2016\/02\/CEDULA-DE-GASTOS.pdf\">CEDULA DE GASTOS<\/a><\/p>\n<p><a href=\"https:\/\/angamarca.gob.ec\/cotopaxi\/wp-content\/uploads\/2016\/02\/RENDICI\u00d3N-CTA-2016-45.pdf\">RENDICI\u00d3N CTA 2016\u00a0<\/a><\/p>\n<p><a href=\"https:\/\/angamarca.gob.ec\/cotopaxi\/wp-content\/uploads\/2016\/02\/asistencia-evalaucion-de-rendicion-de-cuentas-2016-3.pdf\">asistencia evalaucion de rendicion de cuentas 2016 (3)<\/a><\/p>\n<p><a href=\"https:\/\/angamarca.gob.ec\/cotopaxi\/wp-content\/uploads\/2016\/02\/Acta-de-rendicion-de-cuentas-20162c-realizada-el-18-05-2017-1-1.pdf\">Acta de rendicion de cuentas 2016 realizada el 18-05-2017 (1<\/a>)<\/p>\n<p><a href=\"https:\/\/angamarca.gob.ec\/cotopaxi\/wp-content\/uploads\/2016\/02\/asistencia-evalaucion-de-rendicion-de-cuentas-2016-1-1.pdf\">asistencia evalaucion de rendicion de cuentas 2016 (1)<\/a><\/p>\n<p><a href=\"https:\/\/angamarca.gob.ec\/cotopaxi\/wp-content\/uploads\/2016\/02\/Oficios-enviados-y-y-oficio-con-sugerencias-de-cpccs.pdf\">Oficios enviados y y oficio con sugerencias de cpccs<\/a><\/p>\n<p><a href=\"https:\/\/angamarca.gob.ec\/cotopaxi\/wp-content\/uploads\/2016\/02\/participantes-a-la-conformacion-del-CPCCS-rendicion-de-cuentas-2016-realizado-1-05-2017-1.pdf\">participantes a la conformacion del CPCCS rendicion de cuentas 2016 realizado 1-05-2017 (1)<\/a><\/p>\n<p><a href=\"https:\/\/angamarca.gob.ec\/cotopaxi\/wp-content\/uploads\/2016\/02\/Acta-de-conformacion-CPCCS-2016-EJECUTADO-20-03-2017-3norma.pdf\">Acta de conformacion CPCCS (2016) EJECUTADO 20-03-2017 (3)<\/a><\/p>\n<p><a href=\"https:\/\/angamarca.gob.ec\/cotopaxi\/wp-content\/uploads\/2016\/02\/rosa-acta-de-evalaucion-de-gestio-en-el-a\u00f1o-2016-2c-ejecutada-el-24-de-abril-del-2017-3.pdf\">\u00a0acta de evalaucion de gestio en el a\u00f1o 2016 ejecutada el 24 de abril del 2017 (3)<\/a><\/p>\n<p><a href=\"https:\/\/angamarca.gob.ec\/cotopaxi\/wp-content\/uploads\/2016\/02\/OFICIO-CPCCS-RC-2016-1.pdf\">OFICIO CPCCS RC 2016 (1)<\/a><\/p>\n<p><a href=\"https:\/\/angamarca.gob.ec\/cotopaxi\/wp-content\/uploads\/2016\/02\/ANEXOS-CPCCS-RENDICION-DE-CUENTAS.pdf\">ANEXOS CPCCS RENDICION DE CUENTAS<\/a><\/p>\n<p><a href=\"https:\/\/angamarca.gob.ec\/cotopaxi\/wp-content\/uploads\/2016\/02\/REFORMA-PRESUPUESTO-2016-JUNIO-20.pdf\">REFORMA PRESUPUESTO 2016 JUNIO 20<\/a><\/p>\n<p><a href=\"https:\/\/angamarca.gob.ec\/cotopaxi\/wp-content\/uploads\/2016\/02\/ESTADO-DE-EJECUCION-PRESUPUESTARIA.pdf\">ESTADO DE EJECUCION PRESUPUESTARIA<\/a><\/p>\n<p><a href=\"https:\/\/angamarca.gob.ec\/cotopaxi\/wp-content\/uploads\/2016\/02\/ESTADO-DE-FLUJOS-DE-EFECTIVO.pdf\">ESTADO DE FLUJOS DE EFECTIVO<\/a><\/p>\n<p><a href=\"https:\/\/angamarca.gob.ec\/cotopaxi\/wp-content\/uploads\/2016\/02\/ESTADO-DE-RESULTADOS.pdf\">ESTADO DE RESULTADOS<\/a><\/p>\n<p><a href=\"https:\/\/angamarca.gob.ec\/cotopaxi\/wp-content\/uploads\/2016\/02\/ESTADO-SITUACION-FINANCIERA.pdf\">ESTADO SITUACION FINANCIERA<\/a><\/p>\n<p><a href=\"https:\/\/angamarca.gob.ec\/cotopaxi\/wp-content\/uploads\/2016\/02\/CEDULA-DE-INGRESOS-1.pdf\">CEDULA DE INGRESOS (1)<\/a><\/p>\n<p><a href=\"https:\/\/angamarca.gob.ec\/cotopaxi\/wp-content\/uploads\/2016\/02\/POA-2016.pdf\">POA 2016<\/a><\/p>\n<p><a href=\"https:\/\/angamarca.gob.ec\/cotopaxi\/wp-content\/uploads\/2016\/02\/PDOT-Angamarca-20-04-2016.pdf\">PDOT Angamarca 20-04-2016<\/a><\/p>\n<p><a href=\"https:\/\/angamarca.gob.ec\/cotopaxi\/wp-content\/uploads\/2016\/02\/INFIMA-CUANTIA-2016-NORMA.xlsx\">INFIMA CUANTIA 2016<\/a><\/p>\n<p>&nbsp;<\/p>\n","protected":false},"excerpt":{"rendered":"<p>BALANCE DE COMPROBACION CEDULA DE GASTOS RENDICI\u00d3N CTA 2016\u00a0 asistencia evalaucion de rendicion de cuentas 2016 (3) Acta de rendicion de cuentas 2016 realizada el 18-05-2017 (1) asistencia evalaucion de rendicion de cuentas 2016 (1) Oficios enviados y y oficio con sugerencias de cpccs participantes a la conformacion del CPCCS rendicion de cuentas 2016 realizado [&hellip;]<\/p>\n","protected":false},"author":2,"featured_media":0,"parent":0,"menu_order":0,"comment_status":"closed","ping_status":"closed","template":"","meta":{"footnotes":""},"class_list":["post-321","page","type-page","status-publish","hentry"],"yoast_head":"<!-- This site is optimized with the Yoast SEO plugin v25.6 - https:\/\/yoast.com\/wordpress\/plugins\/seo\/ -->\n<title>Rendici\u00f3n de Cuentas 2016 - P\u00e1gina Oficial del GAD Angamarca<\/title>\n<meta name=\"robots\" content=\"index, follow, max-snippet:-1, max-image-preview:large, max-video-preview:-1\" \/>\n<link rel=\"canonical\" href=\"https:\/\/angamarca.gob.ec\/cotopaxi\/rendicion-de-cuentas-2016\/\" \/>\n<meta property=\"og:locale\" content=\"es_ES\" \/>\n<meta property=\"og:type\" content=\"article\" \/>\n<meta property=\"og:title\" content=\"Rendici\u00f3n de Cuentas 2016 - P\u00e1gina Oficial del GAD Angamarca\" \/>\n<meta property=\"og:description\" content=\"BALANCE DE COMPROBACION CEDULA DE GASTOS RENDICI\u00d3N CTA 2016\u00a0 asistencia evalaucion de rendicion de cuentas 2016 (3) Acta de rendicion de cuentas 2016 realizada el 18-05-2017 (1) asistencia evalaucion de rendicion de cuentas 2016 (1) Oficios enviados y y oficio con sugerencias de cpccs participantes a la conformacion del CPCCS rendicion de cuentas 2016 realizado [&hellip;]\" \/>\n<meta property=\"og:url\" content=\"https:\/\/angamarca.gob.ec\/cotopaxi\/rendicion-de-cuentas-2016\/\" \/>\n<meta property=\"og:site_name\" content=\"P\u00e1gina Oficial del GAD Angamarca\" \/>\n<meta property=\"article:modified_time\" content=\"2017-06-26T20:32:15+00:00\" \/>\n<meta name=\"twitter:card\" content=\"summary_large_image\" \/>\n<meta name=\"twitter:label1\" content=\"Tiempo de lectura\" \/>\n\t<meta name=\"twitter:data1\" content=\"1 minuto\" \/>\n<script type=\"application\/ld+json\" class=\"yoast-schema-graph\">{\"@context\":\"https:\/\/schema.org\",\"@graph\":[{\"@type\":\"WebPage\",\"@id\":\"https:\/\/angamarca.gob.ec\/cotopaxi\/rendicion-de-cuentas-2016\/\",\"url\":\"https:\/\/angamarca.gob.ec\/cotopaxi\/rendicion-de-cuentas-2016\/\",\"name\":\"Rendici\u00f3n de Cuentas 2016 - P\u00e1gina Oficial del GAD Angamarca\",\"isPartOf\":{\"@id\":\"https:\/\/angamarca.gob.ec\/cotopaxi\/#website\"},\"datePublished\":\"2016-02-17T17:16:42+00:00\",\"dateModified\":\"2017-06-26T20:32:15+00:00\",\"breadcrumb\":{\"@id\":\"https:\/\/angamarca.gob.ec\/cotopaxi\/rendicion-de-cuentas-2016\/#breadcrumb\"},\"inLanguage\":\"es\",\"potentialAction\":[{\"@type\":\"ReadAction\",\"target\":[\"https:\/\/angamarca.gob.ec\/cotopaxi\/rendicion-de-cuentas-2016\/\"]}]},{\"@type\":\"BreadcrumbList\",\"@id\":\"https:\/\/angamarca.gob.ec\/cotopaxi\/rendicion-de-cuentas-2016\/#breadcrumb\",\"itemListElement\":[{\"@type\":\"ListItem\",\"position\":1,\"name\":\"Home\",\"item\":\"https:\/\/angamarca.gob.ec\/cotopaxi\/\"},{\"@type\":\"ListItem\",\"position\":2,\"name\":\"Rendici\u00f3n de Cuentas 2016\"}]},{\"@type\":\"WebSite\",\"@id\":\"https:\/\/angamarca.gob.ec\/cotopaxi\/#website\",\"url\":\"https:\/\/angamarca.gob.ec\/cotopaxi\/\",\"name\":\"GAD Parroquial de Angamarca Cotopaxi\",\"description\":\"Sitio Oficial del GAD Parroquial de Angamarca Cotopaxi\",\"publisher\":{\"@id\":\"https:\/\/angamarca.gob.ec\/cotopaxi\/#organization\"},\"potentialAction\":[{\"@type\":\"SearchAction\",\"target\":{\"@type\":\"EntryPoint\",\"urlTemplate\":\"https:\/\/angamarca.gob.ec\/cotopaxi\/?s={search_term_string}\"},\"query-input\":{\"@type\":\"PropertyValueSpecification\",\"valueRequired\":true,\"valueName\":\"search_term_string\"}}],\"inLanguage\":\"es\"},{\"@type\":\"Organization\",\"@id\":\"https:\/\/angamarca.gob.ec\/cotopaxi\/#organization\",\"name\":\"GAD Parroquial de Angamarca\",\"url\":\"https:\/\/angamarca.gob.ec\/cotopaxi\/\",\"logo\":{\"@type\":\"ImageObject\",\"inLanguage\":\"es\",\"@id\":\"https:\/\/angamarca.gob.ec\/cotopaxi\/#\/schema\/logo\/image\/\",\"url\":\"https:\/\/angamarca.gob.ec\/cotopaxi\/wp-content\/uploads\/2020\/06\/logoFooter.png\",\"contentUrl\":\"https:\/\/angamarca.gob.ec\/cotopaxi\/wp-content\/uploads\/2020\/06\/logoFooter.png\",\"width\":160,\"height\":156,\"caption\":\"GAD Parroquial de Angamarca\"},\"image\":{\"@id\":\"https:\/\/angamarca.gob.ec\/cotopaxi\/#\/schema\/logo\/image\/\"}}]}<\/script>\n<!-- \/ Yoast SEO plugin. -->","yoast_head_json":{"title":"Rendici\u00f3n de Cuentas 2016 - P\u00e1gina Oficial del GAD Angamarca","robots":{"index":"index","follow":"follow","max-snippet":"max-snippet:-1","max-image-preview":"max-image-preview:large","max-video-preview":"max-video-preview:-1"},"canonical":"https:\/\/angamarca.gob.ec\/cotopaxi\/rendicion-de-cuentas-2016\/","og_locale":"es_ES","og_type":"article","og_title":"Rendici\u00f3n de Cuentas 2016 - P\u00e1gina Oficial del GAD Angamarca","og_description":"BALANCE DE COMPROBACION CEDULA DE GASTOS RENDICI\u00d3N CTA 2016\u00a0 asistencia evalaucion de rendicion de cuentas 2016 (3) Acta de rendicion de cuentas 2016 realizada el 18-05-2017 (1) asistencia evalaucion de rendicion de cuentas 2016 (1) Oficios enviados y y oficio con sugerencias de cpccs participantes a la conformacion del CPCCS rendicion de cuentas 2016 realizado [&hellip;]","og_url":"https:\/\/angamarca.gob.ec\/cotopaxi\/rendicion-de-cuentas-2016\/","og_site_name":"P\u00e1gina Oficial del GAD Angamarca","article_modified_time":"2017-06-26T20:32:15+00:00","twitter_card":"summary_large_image","twitter_misc":{"Tiempo de lectura":"1 minuto"},"schema":{"@context":"https:\/\/schema.org","@graph":[{"@type":"WebPage","@id":"https:\/\/angamarca.gob.ec\/cotopaxi\/rendicion-de-cuentas-2016\/","url":"https:\/\/angamarca.gob.ec\/cotopaxi\/rendicion-de-cuentas-2016\/","name":"Rendici\u00f3n de Cuentas 2016 - P\u00e1gina Oficial del GAD Angamarca","isPartOf":{"@id":"https:\/\/angamarca.gob.ec\/cotopaxi\/#website"},"datePublished":"2016-02-17T17:16:42+00:00","dateModified":"2017-06-26T20:32:15+00:00","breadcrumb":{"@id":"https:\/\/angamarca.gob.ec\/cotopaxi\/rendicion-de-cuentas-2016\/#breadcrumb"},"inLanguage":"es","potentialAction":[{"@type":"ReadAction","target":["https:\/\/angamarca.gob.ec\/cotopaxi\/rendicion-de-cuentas-2016\/"]}]},{"@type":"BreadcrumbList","@id":"https:\/\/angamarca.gob.ec\/cotopaxi\/rendicion-de-cuentas-2016\/#breadcrumb","itemListElement":[{"@type":"ListItem","position":1,"name":"Home","item":"https:\/\/angamarca.gob.ec\/cotopaxi\/"},{"@type":"ListItem","position":2,"name":"Rendici\u00f3n de Cuentas 2016"}]},{"@type":"WebSite","@id":"https:\/\/angamarca.gob.ec\/cotopaxi\/#website","url":"https:\/\/angamarca.gob.ec\/cotopaxi\/","name":"GAD Parroquial de Angamarca Cotopaxi","description":"Sitio Oficial del GAD Parroquial de Angamarca Cotopaxi","publisher":{"@id":"https:\/\/angamarca.gob.ec\/cotopaxi\/#organization"},"potentialAction":[{"@type":"SearchAction","target":{"@type":"EntryPoint","urlTemplate":"https:\/\/angamarca.gob.ec\/cotopaxi\/?s={search_term_string}"},"query-input":{"@type":"PropertyValueSpecification","valueRequired":true,"valueName":"search_term_string"}}],"inLanguage":"es"},{"@type":"Organization","@id":"https:\/\/angamarca.gob.ec\/cotopaxi\/#organization","name":"GAD Parroquial de Angamarca","url":"https:\/\/angamarca.gob.ec\/cotopaxi\/","logo":{"@type":"ImageObject","inLanguage":"es","@id":"https:\/\/angamarca.gob.ec\/cotopaxi\/#\/schema\/logo\/image\/","url":"https:\/\/angamarca.gob.ec\/cotopaxi\/wp-content\/uploads\/2020\/06\/logoFooter.png","contentUrl":"https:\/\/angamarca.gob.ec\/cotopaxi\/wp-content\/uploads\/2020\/06\/logoFooter.png","width":160,"height":156,"caption":"GAD Parroquial de Angamarca"},"image":{"@id":"https:\/\/angamarca.gob.ec\/cotopaxi\/#\/schema\/logo\/image\/"}}]}},"_links":{"self":[{"href":"https:\/\/angamarca.gob.ec\/cotopaxi\/wp-json\/wp\/v2\/pages\/321","targetHints":{"allow":["GET"]}}],"collection":[{"href":"https:\/\/angamarca.gob.ec\/cotopaxi\/wp-json\/wp\/v2\/pages"}],"about":[{"href":"https:\/\/angamarca.gob.ec\/cotopaxi\/wp-json\/wp\/v2\/types\/page"}],"author":[{"embeddable":true,"href":"https:\/\/angamarca.gob.ec\/cotopaxi\/wp-json\/wp\/v2\/users\/2"}],"replies":[{"embeddable":true,"href":"https:\/\/angamarca.gob.ec\/cotopaxi\/wp-json\/wp\/v2\/comments?post=321"}],"version-history":[{"count":31,"href":"https:\/\/angamarca.gob.ec\/cotopaxi\/wp-json\/wp\/v2\/pages\/321\/revisions"}],"predecessor-version":[{"id":583,"href":"https:\/\/angamarca.gob.ec\/cotopaxi\/wp-json\/wp\/v2\/pages\/321\/revisions\/583"}],"wp:attachment":[{"href":"https:\/\/angamarca.gob.ec\/cotopaxi\/wp-json\/wp\/v2\/media?parent=321"}],"curies":[{"name":"wp","href":"https:\/\/api.w.org\/{rel}","templated":true}]}}