{"id":2984,"date":"2025-01-05T18:16:52","date_gmt":"2025-01-05T18:16:52","guid":{"rendered":"https:\/\/angamarca.gob.ec\/cotopaxi\/?page_id=2984"},"modified":"2025-08-14T23:20:57","modified_gmt":"2025-08-15T03:20:57","slug":"rendicion-de-cuentas-2025","status":"publish","type":"page","link":"https:\/\/angamarca.gob.ec\/cotopaxi\/rendicion-de-cuentas-2025\/","title":{"rendered":"Rendici\u00f3n de Cuentas 2025"},"content":{"rendered":"<p>VIDEO RENDICI\u00d3N DE CUENTAS PER\u00cdODO FISCAL 2024<\/p>\n<p><a href=\"https:\/\/www.youtube.com\/watch?v=fCCT1tYcdIw\">Rendici\u00f3n de cuentas per\u00edodo fiscal 2024<\/a><\/p>\n<p>ACTAS DE RENDICION DE CUENTAS\u00a0 2024<\/p>\n<p><a href=\"https:\/\/angamarca.gob.ec\/cotopaxi\/wp-content\/uploads\/2025\/08\/ACTA-DE-LIBERACION-DE-CUENTAS-2025.pdf\">ACTA DE LIBERACION DE CUENTAS 2025<\/a><\/p>\n<p><a href=\"https:\/\/angamarca.gob.ec\/cotopaxi\/wp-content\/uploads\/2025\/08\/actas-07.pdf\">actas 07<\/a><\/p>\n<p>FASES DE RENDICION DE CUENTAS 2024<\/p>\n<p>FASE: 1<\/p>\n<p><a href=\"https:\/\/angamarca.gob.ec\/cotopaxi\/wp-content\/uploads\/2025\/08\/1-DOCUMENTOS-DE-FASE-1.pdf\">1 DOCUMENTOS DE FASE 1<\/a><\/p>\n<p>FASE: 2<\/p>\n<p><a href=\"https:\/\/angamarca.gob.ec\/cotopaxi\/wp-content\/uploads\/2025\/08\/2-DOCUMENTOS-DE-FASE-2.pdf\">2 DOCUMENTOS DE FASE 2<\/a><\/p>\n<p>FASE: 3<\/p>\n<p><a href=\"https:\/\/angamarca.gob.ec\/cotopaxi\/wp-content\/uploads\/2025\/08\/3-DOCUMENTOS-DE-FASE-3.pdf\">3 DOCUMENTOS DE FASE 3<\/a><\/p>\n<p>FASE: 4<\/p>\n<p><a href=\"https:\/\/angamarca.gob.ec\/cotopaxi\/wp-content\/uploads\/2025\/08\/4-DOCUMENTOS-DE-FASE-4.pdf\">4 DOCUMENTOS DE FASE 4<\/a><\/p>\n<p>Reporte Informe Gad INFORME RC 2023 INSTITUCIONAL<\/p>\n<p><a href=\"https:\/\/angamarca.gob.ec\/cotopaxi\/wp-content\/uploads\/2025\/08\/ReporteInformeGad-INFORME-RC-2023-INSTITUCIONAL.pdf\">ReporteInformeGad INFORME RC 2023 INSTITUCIONAL<\/a><\/p>\n<p>&nbsp;<\/p>\n<p>&nbsp;<\/p>\n","protected":false},"excerpt":{"rendered":"<p>VIDEO RENDICI\u00d3N DE CUENTAS PER\u00cdODO FISCAL 2024 Rendici\u00f3n de cuentas per\u00edodo fiscal 2024 ACTAS DE RENDICION DE CUENTAS\u00a0 2024 ACTA DE LIBERACION DE CUENTAS 2025 actas 07 FASES DE RENDICION DE CUENTAS 2024 FASE: 1 1 DOCUMENTOS DE FASE 1 FASE: 2 2 DOCUMENTOS DE FASE 2 FASE: 3 3 DOCUMENTOS DE FASE 3 FASE: [&hellip;]<\/p>\n","protected":false},"author":2,"featured_media":0,"parent":0,"menu_order":0,"comment_status":"closed","ping_status":"closed","template":"","meta":{"footnotes":""},"class_list":["post-2984","page","type-page","status-publish","hentry"],"yoast_head":"<!-- This site is optimized with the Yoast SEO plugin v25.6 - https:\/\/yoast.com\/wordpress\/plugins\/seo\/ -->\n<title>Rendici\u00f3n de Cuentas 2025 - P\u00e1gina Oficial del GAD Angamarca<\/title>\n<meta name=\"robots\" content=\"index, follow, max-snippet:-1, max-image-preview:large, max-video-preview:-1\" \/>\n<link rel=\"canonical\" href=\"https:\/\/angamarca.gob.ec\/cotopaxi\/rendicion-de-cuentas-2025\/\" \/>\n<meta property=\"og:locale\" content=\"es_ES\" \/>\n<meta property=\"og:type\" content=\"article\" \/>\n<meta property=\"og:title\" content=\"Rendici\u00f3n de Cuentas 2025 - P\u00e1gina Oficial del GAD Angamarca\" \/>\n<meta property=\"og:description\" content=\"VIDEO RENDICI\u00d3N DE CUENTAS PER\u00cdODO FISCAL 2024 Rendici\u00f3n de cuentas per\u00edodo fiscal 2024 ACTAS DE RENDICION DE CUENTAS\u00a0 2024 ACTA DE LIBERACION DE CUENTAS 2025 actas 07 FASES DE RENDICION DE CUENTAS 2024 FASE: 1 1 DOCUMENTOS DE FASE 1 FASE: 2 2 DOCUMENTOS DE FASE 2 FASE: 3 3 DOCUMENTOS DE FASE 3 FASE: [&hellip;]\" \/>\n<meta property=\"og:url\" content=\"https:\/\/angamarca.gob.ec\/cotopaxi\/rendicion-de-cuentas-2025\/\" \/>\n<meta property=\"og:site_name\" content=\"P\u00e1gina Oficial del GAD Angamarca\" \/>\n<meta property=\"article:modified_time\" content=\"2025-08-15T03:20:57+00:00\" \/>\n<meta name=\"twitter:card\" content=\"summary_large_image\" \/>\n<meta name=\"twitter:label1\" content=\"Tiempo de lectura\" \/>\n\t<meta name=\"twitter:data1\" content=\"1 minuto\" \/>\n<script type=\"application\/ld+json\" class=\"yoast-schema-graph\">{\"@context\":\"https:\/\/schema.org\",\"@graph\":[{\"@type\":\"WebPage\",\"@id\":\"https:\/\/angamarca.gob.ec\/cotopaxi\/rendicion-de-cuentas-2025\/\",\"url\":\"https:\/\/angamarca.gob.ec\/cotopaxi\/rendicion-de-cuentas-2025\/\",\"name\":\"Rendici\u00f3n de Cuentas 2025 - P\u00e1gina Oficial del GAD Angamarca\",\"isPartOf\":{\"@id\":\"https:\/\/angamarca.gob.ec\/cotopaxi\/#website\"},\"datePublished\":\"2025-01-05T18:16:52+00:00\",\"dateModified\":\"2025-08-15T03:20:57+00:00\",\"breadcrumb\":{\"@id\":\"https:\/\/angamarca.gob.ec\/cotopaxi\/rendicion-de-cuentas-2025\/#breadcrumb\"},\"inLanguage\":\"es\",\"potentialAction\":[{\"@type\":\"ReadAction\",\"target\":[\"https:\/\/angamarca.gob.ec\/cotopaxi\/rendicion-de-cuentas-2025\/\"]}]},{\"@type\":\"BreadcrumbList\",\"@id\":\"https:\/\/angamarca.gob.ec\/cotopaxi\/rendicion-de-cuentas-2025\/#breadcrumb\",\"itemListElement\":[{\"@type\":\"ListItem\",\"position\":1,\"name\":\"Home\",\"item\":\"https:\/\/angamarca.gob.ec\/cotopaxi\/\"},{\"@type\":\"ListItem\",\"position\":2,\"name\":\"Rendici\u00f3n de Cuentas 2025\"}]},{\"@type\":\"WebSite\",\"@id\":\"https:\/\/angamarca.gob.ec\/cotopaxi\/#website\",\"url\":\"https:\/\/angamarca.gob.ec\/cotopaxi\/\",\"name\":\"GAD Parroquial de Angamarca Cotopaxi\",\"description\":\"Sitio Oficial del GAD Parroquial de Angamarca Cotopaxi\",\"publisher\":{\"@id\":\"https:\/\/angamarca.gob.ec\/cotopaxi\/#organization\"},\"potentialAction\":[{\"@type\":\"SearchAction\",\"target\":{\"@type\":\"EntryPoint\",\"urlTemplate\":\"https:\/\/angamarca.gob.ec\/cotopaxi\/?s={search_term_string}\"},\"query-input\":{\"@type\":\"PropertyValueSpecification\",\"valueRequired\":true,\"valueName\":\"search_term_string\"}}],\"inLanguage\":\"es\"},{\"@type\":\"Organization\",\"@id\":\"https:\/\/angamarca.gob.ec\/cotopaxi\/#organization\",\"name\":\"GAD Parroquial de Angamarca\",\"url\":\"https:\/\/angamarca.gob.ec\/cotopaxi\/\",\"logo\":{\"@type\":\"ImageObject\",\"inLanguage\":\"es\",\"@id\":\"https:\/\/angamarca.gob.ec\/cotopaxi\/#\/schema\/logo\/image\/\",\"url\":\"https:\/\/angamarca.gob.ec\/cotopaxi\/wp-content\/uploads\/2020\/06\/logoFooter.png\",\"contentUrl\":\"https:\/\/angamarca.gob.ec\/cotopaxi\/wp-content\/uploads\/2020\/06\/logoFooter.png\",\"width\":160,\"height\":156,\"caption\":\"GAD Parroquial de Angamarca\"},\"image\":{\"@id\":\"https:\/\/angamarca.gob.ec\/cotopaxi\/#\/schema\/logo\/image\/\"}}]}<\/script>\n<!-- \/ Yoast SEO plugin. -->","yoast_head_json":{"title":"Rendici\u00f3n de Cuentas 2025 - P\u00e1gina Oficial del GAD Angamarca","robots":{"index":"index","follow":"follow","max-snippet":"max-snippet:-1","max-image-preview":"max-image-preview:large","max-video-preview":"max-video-preview:-1"},"canonical":"https:\/\/angamarca.gob.ec\/cotopaxi\/rendicion-de-cuentas-2025\/","og_locale":"es_ES","og_type":"article","og_title":"Rendici\u00f3n de Cuentas 2025 - P\u00e1gina Oficial del GAD Angamarca","og_description":"VIDEO RENDICI\u00d3N DE CUENTAS PER\u00cdODO FISCAL 2024 Rendici\u00f3n de cuentas per\u00edodo fiscal 2024 ACTAS DE RENDICION DE CUENTAS\u00a0 2024 ACTA DE LIBERACION DE CUENTAS 2025 actas 07 FASES DE RENDICION DE CUENTAS 2024 FASE: 1 1 DOCUMENTOS DE FASE 1 FASE: 2 2 DOCUMENTOS DE FASE 2 FASE: 3 3 DOCUMENTOS DE FASE 3 FASE: [&hellip;]","og_url":"https:\/\/angamarca.gob.ec\/cotopaxi\/rendicion-de-cuentas-2025\/","og_site_name":"P\u00e1gina Oficial del GAD Angamarca","article_modified_time":"2025-08-15T03:20:57+00:00","twitter_card":"summary_large_image","twitter_misc":{"Tiempo de lectura":"1 minuto"},"schema":{"@context":"https:\/\/schema.org","@graph":[{"@type":"WebPage","@id":"https:\/\/angamarca.gob.ec\/cotopaxi\/rendicion-de-cuentas-2025\/","url":"https:\/\/angamarca.gob.ec\/cotopaxi\/rendicion-de-cuentas-2025\/","name":"Rendici\u00f3n de Cuentas 2025 - P\u00e1gina Oficial del GAD Angamarca","isPartOf":{"@id":"https:\/\/angamarca.gob.ec\/cotopaxi\/#website"},"datePublished":"2025-01-05T18:16:52+00:00","dateModified":"2025-08-15T03:20:57+00:00","breadcrumb":{"@id":"https:\/\/angamarca.gob.ec\/cotopaxi\/rendicion-de-cuentas-2025\/#breadcrumb"},"inLanguage":"es","potentialAction":[{"@type":"ReadAction","target":["https:\/\/angamarca.gob.ec\/cotopaxi\/rendicion-de-cuentas-2025\/"]}]},{"@type":"BreadcrumbList","@id":"https:\/\/angamarca.gob.ec\/cotopaxi\/rendicion-de-cuentas-2025\/#breadcrumb","itemListElement":[{"@type":"ListItem","position":1,"name":"Home","item":"https:\/\/angamarca.gob.ec\/cotopaxi\/"},{"@type":"ListItem","position":2,"name":"Rendici\u00f3n de Cuentas 2025"}]},{"@type":"WebSite","@id":"https:\/\/angamarca.gob.ec\/cotopaxi\/#website","url":"https:\/\/angamarca.gob.ec\/cotopaxi\/","name":"GAD Parroquial de Angamarca Cotopaxi","description":"Sitio Oficial del GAD Parroquial de Angamarca Cotopaxi","publisher":{"@id":"https:\/\/angamarca.gob.ec\/cotopaxi\/#organization"},"potentialAction":[{"@type":"SearchAction","target":{"@type":"EntryPoint","urlTemplate":"https:\/\/angamarca.gob.ec\/cotopaxi\/?s={search_term_string}"},"query-input":{"@type":"PropertyValueSpecification","valueRequired":true,"valueName":"search_term_string"}}],"inLanguage":"es"},{"@type":"Organization","@id":"https:\/\/angamarca.gob.ec\/cotopaxi\/#organization","name":"GAD Parroquial de Angamarca","url":"https:\/\/angamarca.gob.ec\/cotopaxi\/","logo":{"@type":"ImageObject","inLanguage":"es","@id":"https:\/\/angamarca.gob.ec\/cotopaxi\/#\/schema\/logo\/image\/","url":"https:\/\/angamarca.gob.ec\/cotopaxi\/wp-content\/uploads\/2020\/06\/logoFooter.png","contentUrl":"https:\/\/angamarca.gob.ec\/cotopaxi\/wp-content\/uploads\/2020\/06\/logoFooter.png","width":160,"height":156,"caption":"GAD Parroquial de Angamarca"},"image":{"@id":"https:\/\/angamarca.gob.ec\/cotopaxi\/#\/schema\/logo\/image\/"}}]}},"_links":{"self":[{"href":"https:\/\/angamarca.gob.ec\/cotopaxi\/wp-json\/wp\/v2\/pages\/2984","targetHints":{"allow":["GET"]}}],"collection":[{"href":"https:\/\/angamarca.gob.ec\/cotopaxi\/wp-json\/wp\/v2\/pages"}],"about":[{"href":"https:\/\/angamarca.gob.ec\/cotopaxi\/wp-json\/wp\/v2\/types\/page"}],"author":[{"embeddable":true,"href":"https:\/\/angamarca.gob.ec\/cotopaxi\/wp-json\/wp\/v2\/users\/2"}],"replies":[{"embeddable":true,"href":"https:\/\/angamarca.gob.ec\/cotopaxi\/wp-json\/wp\/v2\/comments?post=2984"}],"version-history":[{"count":14,"href":"https:\/\/angamarca.gob.ec\/cotopaxi\/wp-json\/wp\/v2\/pages\/2984\/revisions"}],"predecessor-version":[{"id":3108,"href":"https:\/\/angamarca.gob.ec\/cotopaxi\/wp-json\/wp\/v2\/pages\/2984\/revisions\/3108"}],"wp:attachment":[{"href":"https:\/\/angamarca.gob.ec\/cotopaxi\/wp-json\/wp\/v2\/media?parent=2984"}],"curies":[{"name":"wp","href":"https:\/\/api.w.org\/{rel}","templated":true}]}}